{"id":59,"date":"2019-10-06T22:51:49","date_gmt":"2019-10-06T20:51:49","guid":{"rendered":"http:\/\/objectif-inclusion-decines.com\/?page_id=59"},"modified":"2021-02-04T23:00:37","modified_gmt":"2021-02-04T22:00:37","slug":"contact","status":"publish","type":"page","link":"https:\/\/objectif-inclusion-decines.com\/index.php\/contact\/","title":{"rendered":"Contact"},"content":{"rendered":"<p>[vc_row tm_bgimagefixed=\u00a0\u00bb\u00a0\u00bb full_width=\u00a0\u00bbstretch_row_content\u00a0\u00bb css=\u00a0\u00bb.vc_custom_1549254717163{padding-top: 0px !important;padding-bottom: 0px !important;}\u00a0\u00bb][vc_column css=\u00a0\u00bb.vc_custom_1549254413433{padding-right: 0px !important;padding-left: 0px !important;}\u00a0\u00bb][vc_gmaps link=\u00a0\u00bb#E-8_JTNDaWZyYW1lJTIwc3JjJTNEJTIyaHR0cHMlM0ElMkYlMkZ3d3cuZ29vZ2xlLmNvbSUyRm1hcHMlMkZlbWJlZCUzRnBiJTNEJTIxMW0xOCUyMTFtMTIlMjExbTMlMjExZDI3ODMuMTYwNDExMTc4OTM3NSUyMTJkNC45MzY3OTM2NTEzMzk2MjUlMjEzZDQ1Ljc2Nzk3NTM3OTAwMzE1JTIxMm0zJTIxMWYwJTIxMmYwJTIxM2YwJTIxM20yJTIxMWkxMDI0JTIxMmk3NjglMjE0ZjEzLjElMjEzbTMlMjExbTIlMjExczB4NDdmNGMwZGQzZjVjOGI5NSUyNTNBMHgxNDJlZWQxNTk3Y2Y1MGQ2JTIxMnMyNCUyNTIwQXZlbnVlJTI1MjBKZWFuJTI1MjBKYXVyJTI1QzMlMjVBOHMlMjUyQyUyNTIwNjkxNTAlMjUyMEQlMjVDMyUyNUE5Y2luZXMtQ2hhcnBpZXUlMjE1ZTAlMjEzbTIlMjExc2ZyJTIxMnNmciUyMTR2MTU3MDQwMzA4MDIzMCUyMTVtMiUyMTFzZnIlMjEyc2ZyJTIyJTIwd2lkdGglM0QlMjI2MDAlMjIlMjBoZWlnaHQlM0QlMjI0NTAlMjIlMjBmcmFtZWJvcmRlciUzRCUyMjAlMjIlMjBzdHlsZSUzRCUyMmJvcmRlciUzQTAlM0IlMjIlMjBhbGxvd2Z1bGxzY3JlZW4lM0QlMjIlMjIlM0UlM0MlMkZpZnJhbWUlM0U=\u00a0\u00bb][\/vc_column][\/vc_row][vc_row tm_bgimagefixed=\u00a0\u00bb\u00a0\u00bb full_width=\u00a0\u00bbstretch_row\u00a0\u00bb css=\u00a0\u00bb.vc_custom_1550063964251{padding-top: 65px !important;padding-bottom: 155px !important;}\u00a0\u00bb tm_responsive_css=\u00a0\u00bb55639100|colbreak_no|||||||||colbreak_no|||||25px||115px||colbreak_no||||||||||colbreak_no|||||||||\u00a0\u00bb][vc_column width=\u00a0\u00bb7\/12&Prime; css=\u00a0\u00bb.vc_custom_1550064056914{padding-right: 60px !important;}\u00a0\u00bb tm_responsive_css=\u00a0\u00bb63016091|colbreak_no|||||||||colbreak_no|||||||||colbreak_no||||||15px|40px|||colbreak_no|||||||||\u00a0\u00bb]<div class=\"tm-element-heading-wrapper tm-heading-inner tm-element-align-left tm-seperator-solid tm-heading-style-vertical \"><section class=\"tm-vc_cta3-container\"><div class=\"tm-vc_general tm-vc_cta3 tm-cta3-only tm-vc_cta3-style-classic tm-vc_cta3-shape-rounded tm-vc_cta3-align-left tm-vc_cta3-color-transparent tm-vc_cta3-icon-size-md tm-vc_cta3-actions-no tm-cta3-without-desc\"><div class=\"tm-vc_cta3_content-container\"><div class=\"tm-vc_cta3-content\"><header class=\"tm-vc_cta3-content-header tm-wrap\"><div class=\"tm-vc_cta3-headers tm-wrap-cell\"><h2 class=\"tm-custom-heading \" >Nous contacter<\/h2>\n<\/div><\/header><\/div><\/div><\/div><\/section><\/div> <!-- .tm-element-heading-wrapper container --> [vc_row_inner][vc_column_inner]\n<div class=\"wpcf7 no-js\" id=\"wpcf7-f7-o1\" lang=\"fr-FR\" dir=\"ltr\" data-wpcf7-id=\"7\">\n<div class=\"screen-reader-response\"><p role=\"status\" aria-live=\"polite\" aria-atomic=\"true\"><\/p> <ul><\/ul><\/div>\n<form action=\"\/index.php\/wp-json\/wp\/v2\/pages\/59#wpcf7-f7-o1\" method=\"post\" class=\"wpcf7-form init\" aria-label=\"Formulaire de contact\" novalidate=\"novalidate\" data-status=\"init\">\n<fieldset class=\"hidden-fields-container\"><input type=\"hidden\" name=\"_wpcf7\" value=\"7\" \/><input type=\"hidden\" name=\"_wpcf7_version\" value=\"6.1.5\" \/><input type=\"hidden\" name=\"_wpcf7_locale\" value=\"fr_FR\" \/><input type=\"hidden\" name=\"_wpcf7_unit_tag\" value=\"wpcf7-f7-o1\" \/><input type=\"hidden\" name=\"_wpcf7_container_post\" value=\"0\" \/><input type=\"hidden\" name=\"_wpcf7_posted_data_hash\" value=\"\" \/>\n<\/fieldset>\n<p><label> Votre nom (obligatoire)<br \/>\n<span class=\"wpcf7-form-control-wrap\" data-name=\"your-name\"><input size=\"40\" maxlength=\"400\" class=\"wpcf7-form-control wpcf7-text wpcf7-validates-as-required\" aria-required=\"true\" aria-invalid=\"false\" value=\"\" type=\"text\" name=\"your-name\" \/><\/span> <\/label>\n<\/p>\n<p><label> Votre pr\u00e9nom (obligatoire)<br \/>\n<span class=\"wpcf7-form-control-wrap\" data-name=\"your-name\"><input size=\"40\" maxlength=\"400\" class=\"wpcf7-form-control wpcf7-text wpcf7-validates-as-required\" aria-required=\"true\" aria-invalid=\"false\" value=\"\" type=\"text\" name=\"your-name\" \/><\/span> <\/label>\n<\/p>\n<p><label> Votre adresse de messagerie (obligatoire)<br \/>\n<span class=\"wpcf7-form-control-wrap\" data-name=\"your-email\"><input size=\"40\" maxlength=\"400\" class=\"wpcf7-form-control wpcf7-email wpcf7-validates-as-required wpcf7-text wpcf7-validates-as-email\" aria-required=\"true\" aria-invalid=\"false\" value=\"\" type=\"email\" name=\"your-email\" \/><\/span> <\/label>\n<\/p>\n<p><label> Votre message<br \/>\n<span class=\"wpcf7-form-control-wrap\" data-name=\"your-message\"><textarea cols=\"40\" rows=\"10\" maxlength=\"2000\" class=\"wpcf7-form-control wpcf7-textarea\" aria-invalid=\"false\" name=\"your-message\"><\/textarea><\/span> <\/label>\n<\/p>\n<p><input class=\"wpcf7-form-control wpcf7-submit has-spinner\" type=\"submit\" value=\"Envoyer\" \/>\n<\/p><p style=\"display: none !important;\" class=\"akismet-fields-container\" data-prefix=\"_wpcf7_ak_\"><label>&#916;<textarea name=\"_wpcf7_ak_hp_textarea\" cols=\"45\" rows=\"8\" maxlength=\"100\"><\/textarea><\/label><input type=\"hidden\" id=\"ak_js_1\" name=\"_wpcf7_ak_js\" value=\"10\"\/><script>document.getElementById( \"ak_js_1\" ).setAttribute( \"value\", ( new Date() ).getTime() );<\/script><\/p><input type='hidden' class='wpcf7-pum' value='{\"closepopup\":false,\"closedelay\":0,\"openpopup\":false,\"openpopup_id\":0}' \/><div class=\"wpcf7-response-output\" aria-hidden=\"true\"><\/div>\n<\/form>\n<\/div>\n[\/vc_column_inner][\/vc_row_inner][\/vc_column][vc_column tm_bgcolor=\u00a0\u00bbwhite\u00a0\u00bb tm_shadow=\u00a0\u00bbyes\u00a0\u00bb width=\u00a0\u00bb5\/12&Prime; el_class=\u00a0\u00bbtm-rounded-shadow-box\u00a0\u00bb][vc_row_inner css=\u00a0\u00bb.vc_custom_1550064129482{padding-top: 40px !important;padding-right: 50px !important;padding-bottom: 20px !important;padding-left: 50px !important;}\u00a0\u00bb tm_responsive_css=\u00a0\u00bb77368950|colbreak_no|||||||||colbreak_no|||||||||colbreak_no|||||25px|20px|5px|20px||colbreak_no|||||||||\u00a0\u00bb][vc_column_inner]<h4 style=\"text-align:left;\" class=\"tm-custom-heading \" >INFOS<\/h4>\n<ul class=\"boldman_contact_widget_wrapper themetechmount_vc_contact_wrapper\"><li class=\"themetechmount-contact-email tm-boldman-icon-comment-1\"><a href=\"mailto:contact@objectif-inclusion-decines.com\">contact@objectif-inclusion-decines.com<\/a><\/li><li class=\"themetechmount-contact-website tm-boldman-icon-world\"><a href=\"https:\/\/objectif-inclusion-decines.com\">https:\/\/objectif-inclusion-decines.com<\/a><\/li><\/ul>[vc_column_text css=\u00a0\u00bb.vc_custom_1550057559191{padding-top: 7px !important;}\u00a0\u00bb]<div class=\"themetechmount-social-links-wrapper\"><\/div>[\/vc_column_text][\/vc_column_inner][\/vc_row_inner][\/vc_column][\/vc_row]<\/p>\n","protected":false},"excerpt":{"rendered":"<p>[vc_row tm_bgimagefixed=\u00a0\u00bb\u00a0\u00bb full_width=\u00a0\u00bbstretch_row_content\u00a0\u00bb css=\u00a0\u00bb.vc_custom_1549254717163{padding-top: 0px !important;padding-bottom: 0px !important;}\u00a0\u00bb][vc_column css=\u00a0\u00bb.vc_custom_1549254413433{padding-right: 0px !important;padding-left: 0px !important;}\u00a0\u00bb][vc_gmaps link=\u00a0\u00bb#E-8_JTNDaWZyYW1lJTIwc3JjJTNEJTIyaHR0cHMlM0ElMkYlMkZ3d3cuZ29vZ2xlLmNvbSUyRm1hcHMlMkZlbWJlZCUzRnBiJTNEJTIxMW0xOCUyMTFtMTIlMjExbTMlMjExZDI3ODMuMTYwNDExMTc4OTM3NSUyMTJkNC45MzY3OTM2NTEzMzk2MjUlMjEzZDQ1Ljc2Nzk3NTM3OTAwMzE1JTIxMm0zJTIxMWYwJTIxMmYwJTIxM2YwJTIxM20yJTIxMWkxMDI0JTIxMmk3NjglMjE0ZjEzLjElMjEzbTMlMjExbTIlMjExczB4NDdmNGMwZGQzZjVjOGI5NSUyNTNBMHgxNDJlZWQxNTk3Y2Y1MGQ2JTIxMnMyNCUyNTIwQXZlbnVlJTI1MjBKZWFuJTI1MjBKYXVyJTI1QzMlMjVBOHMlMjUyQyUyNTIwNjkxNTAlMjUyMEQlMjVDMyUyNUE5Y2luZXMtQ2hhcnBpZXUlMjE1ZTAlMjEzbTIlMjExc2ZyJTIxMnNmciUyMTR2MTU3MDQwMzA4MDIzMCUyMTVtMiUyMTFzZnIlMjEyc2ZyJTIyJTIwd2lkdGglM0QlMjI2MDAlMjIlMjBoZWlnaHQlM0QlMjI0NTAlMjIlMjBmcmFtZWJvcmRlciUzRCUyMjAlMjIlMjBzdHlsZSUzRCUyMmJvcmRlciUzQTAlM0IlMjIlMjBhbGxvd2Z1bGxzY3JlZW4lM0QlMjIlMjIlM0UlM0MlMkZpZnJhbWUlM0U=\u00a0\u00bb][\/vc_column][\/vc_row][vc_row tm_bgimagefixed=\u00a0\u00bb\u00a0\u00bb full_width=\u00a0\u00bbstretch_row\u00a0\u00bb css=\u00a0\u00bb.vc_custom_1550063964251{padding-top: 65px !important;padding-bottom: 155px !important;}\u00a0\u00bb tm_responsive_css=\u00a0\u00bb55639100|colbreak_no|||||||||colbreak_no|||||25px||115px||colbreak_no||||||||||colbreak_no|||||||||\u00a0\u00bb][vc_column width=\u00a0\u00bb7\/12&Prime; css=\u00a0\u00bb.vc_custom_1550064056914{padding-right: 60px !important;}\u00a0\u00bb tm_responsive_css=\u00a0\u00bb63016091|colbreak_no|||||||||colbreak_no|||||||||colbreak_no||||||15px|40px|||colbreak_no|||||||||\u00a0\u00bb][vc_row_inner][vc_column_inner][\/vc_column_inner][\/vc_row_inner][\/vc_column][vc_column tm_bgcolor=\u00a0\u00bbwhite\u00a0\u00bb tm_shadow=\u00a0\u00bbyes\u00a0\u00bb width=\u00a0\u00bb5\/12&Prime; el_class=\u00a0\u00bbtm-rounded-shadow-box\u00a0\u00bb][vc_row_inner css=\u00a0\u00bb.vc_custom_1550064129482{padding-top: 40px !important;padding-right: 50px !important;padding-bottom: 20px !important;padding-left: 50px !important;}\u00a0\u00bb tm_responsive_css=\u00a0\u00bb77368950|colbreak_no|||||||||colbreak_no|||||||||colbreak_no|||||25px|20px|5px|20px||colbreak_no|||||||||\u00a0\u00bb][vc_column_inner][vc_column_text css=\u00a0\u00bb.vc_custom_1550057559191{padding-top: 7px !important;}\u00a0\u00bb][\/vc_column_text][\/vc_column_inner][\/vc_row_inner][\/vc_column][\/vc_row]<\/p>\n","protected":false},"author":1,"featured_media":0,"parent":0,"menu_order":0,"comment_status":"closed","ping_status":"closed","template":"","meta":{"_uag_custom_page_level_css":"","footnotes":""},"class_list":["post-59","page","type-page","status-publish","hentry"],"yoast_head":"<!-- This site is optimized with the Yoast SEO plugin v27.4 - https:\/\/yoast.com\/product\/yoast-seo-wordpress\/ -->\n<title>Contact - Objectif Inclusion D\u00e9cines<\/title>\n<meta name=\"robots\" content=\"index, follow, max-snippet:-1, max-image-preview:large, max-video-preview:-1\" \/>\n<link rel=\"canonical\" href=\"https:\/\/objectif-inclusion-decines.com\/index.php\/contact\/\" \/>\n<meta property=\"og:locale\" content=\"fr_FR\" \/>\n<meta property=\"og:type\" content=\"article\" \/>\n<meta property=\"og:title\" content=\"Contact - Objectif Inclusion D\u00e9cines\" \/>\n<meta property=\"og:description\" content=\"[vc_row tm_bgimagefixed=\u00a0\u00bb\u00a0\u00bb full_width=\u00a0\u00bbstretch_row_content\u00a0\u00bb css=\u00a0\u00bb.vc_custom_1549254717163{padding-top: 0px !important;padding-bottom: 0px !important;}\u00a0\u00bb][vc_column css=\u00a0\u00bb.vc_custom_1549254413433{padding-right: 0px !important;padding-left: 0px !important;}\u00a0\u00bb][vc_gmaps link=\u00a0\u00bb#E-8_JTNDaWZyYW1lJTIwc3JjJTNEJTIyaHR0cHMlM0ElMkYlMkZ3d3cuZ29vZ2xlLmNvbSUyRm1hcHMlMkZlbWJlZCUzRnBiJTNEJTIxMW0xOCUyMTFtMTIlMjExbTMlMjExZDI3ODMuMTYwNDExMTc4OTM3NSUyMTJkNC45MzY3OTM2NTEzMzk2MjUlMjEzZDQ1Ljc2Nzk3NTM3OTAwMzE1JTIxMm0zJTIxMWYwJTIxMmYwJTIxM2YwJTIxM20yJTIxMWkxMDI0JTIxMmk3NjglMjE0ZjEzLjElMjEzbTMlMjExbTIlMjExczB4NDdmNGMwZGQzZjVjOGI5NSUyNTNBMHgxNDJlZWQxNTk3Y2Y1MGQ2JTIxMnMyNCUyNTIwQXZlbnVlJTI1MjBKZWFuJTI1MjBKYXVyJTI1QzMlMjVBOHMlMjUyQyUyNTIwNjkxNTAlMjUyMEQlMjVDMyUyNUE5Y2luZXMtQ2hhcnBpZXUlMjE1ZTAlMjEzbTIlMjExc2ZyJTIxMnNmciUyMTR2MTU3MDQwMzA4MDIzMCUyMTVtMiUyMTFzZnIlMjEyc2ZyJTIyJTIwd2lkdGglM0QlMjI2MDAlMjIlMjBoZWlnaHQlM0QlMjI0NTAlMjIlMjBmcmFtZWJvcmRlciUzRCUyMjAlMjIlMjBzdHlsZSUzRCUyMmJvcmRlciUzQTAlM0IlMjIlMjBhbGxvd2Z1bGxzY3JlZW4lM0QlMjIlMjIlM0UlM0MlMkZpZnJhbWUlM0U=\u00a0\u00bb][\/vc_column][\/vc_row][vc_row tm_bgimagefixed=\u00a0\u00bb\u00a0\u00bb full_width=\u00a0\u00bbstretch_row\u00a0\u00bb css=\u00a0\u00bb.vc_custom_1550063964251{padding-top: 65px !important;padding-bottom: 155px !important;}\u00a0\u00bb tm_responsive_css=\u00a0\u00bb55639100|colbreak_no|||||||||colbreak_no|||||25px||115px||colbreak_no||||||||||colbreak_no|||||||||\u00a0\u00bb][vc_column width=\u00a0\u00bb7\/12&Prime; css=\u00a0\u00bb.vc_custom_1550064056914{padding-right: 60px !important;}\u00a0\u00bb tm_responsive_css=\u00a0\u00bb63016091|colbreak_no|||||||||colbreak_no|||||||||colbreak_no||||||15px|40px|||colbreak_no|||||||||\u00a0\u00bb][vc_row_inner][vc_column_inner][\/vc_column_inner][\/vc_row_inner][\/vc_column][vc_column tm_bgcolor=\u00a0\u00bbwhite\u00a0\u00bb tm_shadow=\u00a0\u00bbyes\u00a0\u00bb width=\u00a0\u00bb5\/12&Prime; el_class=\u00a0\u00bbtm-rounded-shadow-box\u00a0\u00bb][vc_row_inner css=\u00a0\u00bb.vc_custom_1550064129482{padding-top: 40px !important;padding-right: 50px !important;padding-bottom: 20px !important;padding-left: 50px !important;}\u00a0\u00bb tm_responsive_css=\u00a0\u00bb77368950|colbreak_no|||||||||colbreak_no|||||||||colbreak_no|||||25px|20px|5px|20px||colbreak_no|||||||||\u00a0\u00bb][vc_column_inner][vc_column_text css=\u00a0\u00bb.vc_custom_1550057559191{padding-top: 7px !important;}\u00a0\u00bb][\/vc_column_text][\/vc_column_inner][\/vc_row_inner][\/vc_column][\/vc_row]\" \/>\n<meta property=\"og:url\" content=\"https:\/\/objectif-inclusion-decines.com\/index.php\/contact\/\" \/>\n<meta property=\"og:site_name\" content=\"Objectif Inclusion D\u00e9cines\" \/>\n<meta property=\"article:modified_time\" content=\"2021-02-04T22:00:37+00:00\" \/>\n<meta name=\"twitter:card\" content=\"summary_large_image\" \/>\n<meta name=\"twitter:label1\" content=\"Dur\u00e9e de lecture estim\u00e9e\" \/>\n\t<meta name=\"twitter:data1\" content=\"1 minute\" \/>\n<script type=\"application\/ld+json\" class=\"yoast-schema-graph\">{\"@context\":\"https:\\\/\\\/schema.org\",\"@graph\":[{\"@type\":\"WebPage\",\"@id\":\"https:\\\/\\\/objectif-inclusion-decines.com\\\/index.php\\\/contact\\\/\",\"url\":\"https:\\\/\\\/objectif-inclusion-decines.com\\\/index.php\\\/contact\\\/\",\"name\":\"Contact - Objectif Inclusion D\u00e9cines\",\"isPartOf\":{\"@id\":\"https:\\\/\\\/objectif-inclusion-decines.com\\\/#website\"},\"datePublished\":\"2019-10-06T20:51:49+00:00\",\"dateModified\":\"2021-02-04T22:00:37+00:00\",\"breadcrumb\":{\"@id\":\"https:\\\/\\\/objectif-inclusion-decines.com\\\/index.php\\\/contact\\\/#breadcrumb\"},\"inLanguage\":\"fr-FR\",\"potentialAction\":[{\"@type\":\"ReadAction\",\"target\":[\"https:\\\/\\\/objectif-inclusion-decines.com\\\/index.php\\\/contact\\\/\"]}]},{\"@type\":\"BreadcrumbList\",\"@id\":\"https:\\\/\\\/objectif-inclusion-decines.com\\\/index.php\\\/contact\\\/#breadcrumb\",\"itemListElement\":[{\"@type\":\"ListItem\",\"position\":1,\"name\":\"Accueil\",\"item\":\"https:\\\/\\\/objectif-inclusion-decines.com\\\/\"},{\"@type\":\"ListItem\",\"position\":2,\"name\":\"Contact\"}]},{\"@type\":\"WebSite\",\"@id\":\"https:\\\/\\\/objectif-inclusion-decines.com\\\/#website\",\"url\":\"https:\\\/\\\/objectif-inclusion-decines.com\\\/\",\"name\":\"Objectif Inclusion D\u00e9cines\",\"description\":\"Objectif Inclusion D\u00e9cines\",\"potentialAction\":[{\"@type\":\"SearchAction\",\"target\":{\"@type\":\"EntryPoint\",\"urlTemplate\":\"https:\\\/\\\/objectif-inclusion-decines.com\\\/?s={search_term_string}\"},\"query-input\":{\"@type\":\"PropertyValueSpecification\",\"valueRequired\":true,\"valueName\":\"search_term_string\"}}],\"inLanguage\":\"fr-FR\"}]}<\/script>\n<!-- \/ Yoast SEO plugin. -->","yoast_head_json":{"title":"Contact - Objectif Inclusion D\u00e9cines","robots":{"index":"index","follow":"follow","max-snippet":"max-snippet:-1","max-image-preview":"max-image-preview:large","max-video-preview":"max-video-preview:-1"},"canonical":"https:\/\/objectif-inclusion-decines.com\/index.php\/contact\/","og_locale":"fr_FR","og_type":"article","og_title":"Contact - Objectif Inclusion D\u00e9cines","og_description":"[vc_row tm_bgimagefixed=\u00a0\u00bb\u00a0\u00bb full_width=\u00a0\u00bbstretch_row_content\u00a0\u00bb css=\u00a0\u00bb.vc_custom_1549254717163{padding-top: 0px !important;padding-bottom: 0px !important;}\u00a0\u00bb][vc_column css=\u00a0\u00bb.vc_custom_1549254413433{padding-right: 0px !important;padding-left: 0px !important;}\u00a0\u00bb][vc_gmaps link=\u00a0\u00bb#E-8_JTNDaWZyYW1lJTIwc3JjJTNEJTIyaHR0cHMlM0ElMkYlMkZ3d3cuZ29vZ2xlLmNvbSUyRm1hcHMlMkZlbWJlZCUzRnBiJTNEJTIxMW0xOCUyMTFtMTIlMjExbTMlMjExZDI3ODMuMTYwNDExMTc4OTM3NSUyMTJkNC45MzY3OTM2NTEzMzk2MjUlMjEzZDQ1Ljc2Nzk3NTM3OTAwMzE1JTIxMm0zJTIxMWYwJTIxMmYwJTIxM2YwJTIxM20yJTIxMWkxMDI0JTIxMmk3NjglMjE0ZjEzLjElMjEzbTMlMjExbTIlMjExczB4NDdmNGMwZGQzZjVjOGI5NSUyNTNBMHgxNDJlZWQxNTk3Y2Y1MGQ2JTIxMnMyNCUyNTIwQXZlbnVlJTI1MjBKZWFuJTI1MjBKYXVyJTI1QzMlMjVBOHMlMjUyQyUyNTIwNjkxNTAlMjUyMEQlMjVDMyUyNUE5Y2luZXMtQ2hhcnBpZXUlMjE1ZTAlMjEzbTIlMjExc2ZyJTIxMnNmciUyMTR2MTU3MDQwMzA4MDIzMCUyMTVtMiUyMTFzZnIlMjEyc2ZyJTIyJTIwd2lkdGglM0QlMjI2MDAlMjIlMjBoZWlnaHQlM0QlMjI0NTAlMjIlMjBmcmFtZWJvcmRlciUzRCUyMjAlMjIlMjBzdHlsZSUzRCUyMmJvcmRlciUzQTAlM0IlMjIlMjBhbGxvd2Z1bGxzY3JlZW4lM0QlMjIlMjIlM0UlM0MlMkZpZnJhbWUlM0U=\u00a0\u00bb][\/vc_column][\/vc_row][vc_row tm_bgimagefixed=\u00a0\u00bb\u00a0\u00bb full_width=\u00a0\u00bbstretch_row\u00a0\u00bb css=\u00a0\u00bb.vc_custom_1550063964251{padding-top: 65px !important;padding-bottom: 155px !important;}\u00a0\u00bb tm_responsive_css=\u00a0\u00bb55639100|colbreak_no|||||||||colbreak_no|||||25px||115px||colbreak_no||||||||||colbreak_no|||||||||\u00a0\u00bb][vc_column width=\u00a0\u00bb7\/12&Prime; css=\u00a0\u00bb.vc_custom_1550064056914{padding-right: 60px !important;}\u00a0\u00bb tm_responsive_css=\u00a0\u00bb63016091|colbreak_no|||||||||colbreak_no|||||||||colbreak_no||||||15px|40px|||colbreak_no|||||||||\u00a0\u00bb][vc_row_inner][vc_column_inner][\/vc_column_inner][\/vc_row_inner][\/vc_column][vc_column tm_bgcolor=\u00a0\u00bbwhite\u00a0\u00bb tm_shadow=\u00a0\u00bbyes\u00a0\u00bb width=\u00a0\u00bb5\/12&Prime; el_class=\u00a0\u00bbtm-rounded-shadow-box\u00a0\u00bb][vc_row_inner css=\u00a0\u00bb.vc_custom_1550064129482{padding-top: 40px !important;padding-right: 50px !important;padding-bottom: 20px !important;padding-left: 50px !important;}\u00a0\u00bb tm_responsive_css=\u00a0\u00bb77368950|colbreak_no|||||||||colbreak_no|||||||||colbreak_no|||||25px|20px|5px|20px||colbreak_no|||||||||\u00a0\u00bb][vc_column_inner][vc_column_text css=\u00a0\u00bb.vc_custom_1550057559191{padding-top: 7px !important;}\u00a0\u00bb][\/vc_column_text][\/vc_column_inner][\/vc_row_inner][\/vc_column][\/vc_row]","og_url":"https:\/\/objectif-inclusion-decines.com\/index.php\/contact\/","og_site_name":"Objectif Inclusion D\u00e9cines","article_modified_time":"2021-02-04T22:00:37+00:00","twitter_card":"summary_large_image","twitter_misc":{"Dur\u00e9e de lecture estim\u00e9e":"1 minute"},"schema":{"@context":"https:\/\/schema.org","@graph":[{"@type":"WebPage","@id":"https:\/\/objectif-inclusion-decines.com\/index.php\/contact\/","url":"https:\/\/objectif-inclusion-decines.com\/index.php\/contact\/","name":"Contact - Objectif Inclusion D\u00e9cines","isPartOf":{"@id":"https:\/\/objectif-inclusion-decines.com\/#website"},"datePublished":"2019-10-06T20:51:49+00:00","dateModified":"2021-02-04T22:00:37+00:00","breadcrumb":{"@id":"https:\/\/objectif-inclusion-decines.com\/index.php\/contact\/#breadcrumb"},"inLanguage":"fr-FR","potentialAction":[{"@type":"ReadAction","target":["https:\/\/objectif-inclusion-decines.com\/index.php\/contact\/"]}]},{"@type":"BreadcrumbList","@id":"https:\/\/objectif-inclusion-decines.com\/index.php\/contact\/#breadcrumb","itemListElement":[{"@type":"ListItem","position":1,"name":"Accueil","item":"https:\/\/objectif-inclusion-decines.com\/"},{"@type":"ListItem","position":2,"name":"Contact"}]},{"@type":"WebSite","@id":"https:\/\/objectif-inclusion-decines.com\/#website","url":"https:\/\/objectif-inclusion-decines.com\/","name":"Objectif Inclusion D\u00e9cines","description":"Objectif Inclusion D\u00e9cines","potentialAction":[{"@type":"SearchAction","target":{"@type":"EntryPoint","urlTemplate":"https:\/\/objectif-inclusion-decines.com\/?s={search_term_string}"},"query-input":{"@type":"PropertyValueSpecification","valueRequired":true,"valueName":"search_term_string"}}],"inLanguage":"fr-FR"}]}},"uagb_featured_image_src":{"full":false,"thumbnail":false,"medium":false,"medium_large":false,"large":false,"1536x1536":false,"2048x2048":false,"themetechmount-img-blog":false,"themetechmount-img-blog-left":false,"themetechmount-img-blog-top":false,"themetechmount-img-portfolio":false,"themetechmount-img-team-member":false},"uagb_author_info":{"display_name":"AdminDecines","author_link":"https:\/\/objectif-inclusion-decines.com\/index.php\/author\/admindecines\/"},"uagb_comment_info":0,"uagb_excerpt":"[vc_row tm_bgimagefixed=\u00a0\u00bb\u00a0\u00bb full_width=\u00a0\u00bbstretch_row_content\u00a0\u00bb css=\u00a0\u00bb.vc_custom_1549254717163{padding-top: 0px !important;padding-bottom: 0px !important;}\u00a0\u00bb][vc_column css=\u00a0\u00bb.vc_custom_1549254413433{padding-right: 0px !important;padding-left: 0px !important;}\u00a0\u00bb][vc_gmaps link=\u00a0\u00bb#E-8_JTNDaWZyYW1lJTIwc3JjJTNEJTIyaHR0cHMlM0ElMkYlMkZ3d3cuZ29vZ2xlLmNvbSUyRm1hcHMlMkZlbWJlZCUzRnBiJTNEJTIxMW0xOCUyMTFtMTIlMjExbTMlMjExZDI3ODMuMTYwNDExMTc4OTM3NSUyMTJkNC45MzY3OTM2NTEzMzk2MjUlMjEzZDQ1Ljc2Nzk3NTM3OTAwMzE1JTIxMm0zJTIxMWYwJTIxMmYwJTIxM2YwJTIxM20yJTIxMWkxMDI0JTIxMmk3NjglMjE0ZjEzLjElMjEzbTMlMjExbTIlMjExczB4NDdmNGMwZGQzZjVjOGI5NSUyNTNBMHgxNDJlZWQxNTk3Y2Y1MGQ2JTIxMnMyNCUyNTIwQXZlbnVlJTI1MjBKZWFuJTI1MjBKYXVyJTI1QzMlMjVBOHMlMjUyQyUyNTIwNjkxNTAlMjUyMEQlMjVDMyUyNUE5Y2luZXMtQ2hhcnBpZXUlMjE1ZTAlMjEzbTIlMjExc2ZyJTIxMnNmciUyMTR2MTU3MDQwMzA4MDIzMCUyMTVtMiUyMTFzZnIlMjEyc2ZyJTIyJTIwd2lkdGglM0QlMjI2MDAlMjIlMjBoZWlnaHQlM0QlMjI0NTAlMjIlMjBmcmFtZWJvcmRlciUzRCUyMjAlMjIlMjBzdHlsZSUzRCUyMmJvcmRlciUzQTAlM0IlMjIlMjBhbGxvd2Z1bGxzY3JlZW4lM0QlMjIlMjIlM0UlM0MlMkZpZnJhbWUlM0U=\u00a0\u00bb][\/vc_column][\/vc_row][vc_row tm_bgimagefixed=\u00a0\u00bb\u00a0\u00bb full_width=\u00a0\u00bbstretch_row\u00a0\u00bb css=\u00a0\u00bb.vc_custom_1550063964251{padding-top: 65px !important;padding-bottom: 155px !important;}\u00a0\u00bb tm_responsive_css=\u00a0\u00bb55639100|colbreak_no|||||||||colbreak_no|||||25px||115px||colbreak_no||||||||||colbreak_no|||||||||\u00a0\u00bb][vc_column width=\u00a0\u00bb7\/12&Prime; css=\u00a0\u00bb.vc_custom_1550064056914{padding-right: 60px !important;}\u00a0\u00bb tm_responsive_css=\u00a0\u00bb63016091|colbreak_no|||||||||colbreak_no|||||||||colbreak_no||||||15px|40px|||colbreak_no|||||||||\u00a0\u00bb][vc_row_inner][vc_column_inner][\/vc_column_inner][\/vc_row_inner][\/vc_column][vc_column tm_bgcolor=\u00a0\u00bbwhite\u00a0\u00bb tm_shadow=\u00a0\u00bbyes\u00a0\u00bb width=\u00a0\u00bb5\/12&Prime; el_class=\u00a0\u00bbtm-rounded-shadow-box\u00a0\u00bb][vc_row_inner css=\u00a0\u00bb.vc_custom_1550064129482{padding-top: 40px !important;padding-right: 50px !important;padding-bottom: 20px !important;padding-left: 50px !important;}\u00a0\u00bb tm_responsive_css=\u00a0\u00bb77368950|colbreak_no|||||||||colbreak_no|||||||||colbreak_no|||||25px|20px|5px|20px||colbreak_no|||||||||\u00a0\u00bb][vc_column_inner][vc_column_text css=\u00a0\u00bb.vc_custom_1550057559191{padding-top: 7px !important;}\u00a0\u00bb][\/vc_column_text][\/vc_column_inner][\/vc_row_inner][\/vc_column][\/vc_row]","_links":{"self":[{"href":"https:\/\/objectif-inclusion-decines.com\/index.php\/wp-json\/wp\/v2\/pages\/59","targetHints":{"allow":["GET"]}}],"collection":[{"href":"https:\/\/objectif-inclusion-decines.com\/index.php\/wp-json\/wp\/v2\/pages"}],"about":[{"href":"https:\/\/objectif-inclusion-decines.com\/index.php\/wp-json\/wp\/v2\/types\/page"}],"author":[{"embeddable":true,"href":"https:\/\/objectif-inclusion-decines.com\/index.php\/wp-json\/wp\/v2\/users\/1"}],"replies":[{"embeddable":true,"href":"https:\/\/objectif-inclusion-decines.com\/index.php\/wp-json\/wp\/v2\/comments?post=59"}],"version-history":[{"count":10,"href":"https:\/\/objectif-inclusion-decines.com\/index.php\/wp-json\/wp\/v2\/pages\/59\/revisions"}],"predecessor-version":[{"id":287,"href":"https:\/\/objectif-inclusion-decines.com\/index.php\/wp-json\/wp\/v2\/pages\/59\/revisions\/287"}],"wp:attachment":[{"href":"https:\/\/objectif-inclusion-decines.com\/index.php\/wp-json\/wp\/v2\/media?parent=59"}],"curies":[{"name":"wp","href":"https:\/\/api.w.org\/{rel}","templated":true}]}}