{"id":71,"date":"2019-10-06T23:09:45","date_gmt":"2019-10-06T21:09:45","guid":{"rendered":"http:\/\/objectif-inclusion-decines.com\/?page_id=71"},"modified":"2019-10-06T23:10:51","modified_gmt":"2019-10-06T21:10:51","slug":"mentions-legales","status":"publish","type":"page","link":"https:\/\/objectif-inclusion-decines.com\/index.php\/mentions-legales\/","title":{"rendered":"Mentions L\u00e9gales"},"content":{"rendered":"\n<p>Mengrov : www.mengrov.com<\/p>\n\n\n\n<p>Mengrov est mandat\u00e9e par les acteurs du 1<sup>er<\/sup> cercle Objectif D\u00e9cines 100% inclusif (EM2C et Fondation OVE) pour l\u2019accompagnement de la d\u00e9marche et l\u2019animation de l\u2019\u00e9cosyst\u00e8me.&nbsp;<\/p>\n\n\n\n<p><a href=\"mailto:contact@mengrov.com\">Si\u00e8ge social<\/a><\/p>\n\n\n\n<p>6 impasse de la sapini\u00e8re&nbsp;<\/p>\n\n\n\n<p>69570 Dardilly<\/p>\n\n\n\n<p>contact@mengrov.com&nbsp;<\/p>\n\n\n\n<p><strong>HEBERGEUR DU SITE<\/strong><\/p>\n\n\n\n<p>OVH<\/p>\n\n\n\n<p><strong>CREDITS PHOTOS<\/strong><br>\nimages libres de droits \u2013 Pixabay &#8211; Unslash<\/p>\n\n\n\n<p><strong>D\u00c9VELOPPEMENT DU SITE<\/strong><\/p>\n\n\n\n<p>Cr\u00e9ation du site et d\u00e9veloppement r\u00e9alis\u00e9e par&nbsp;Laura Chamot :&nbsp;<a href=\"http:\/\/laurachamot.com\/\">laurachamot.com<\/a><\/p>\n\n\n\n<p>R\u00e9daction et contenus&nbsp;: Mengrov<\/p>\n\n\n\n<p>DISPOSITIONS L\u00c9GALES<\/p>\n\n\n\n<p>Les divers \u00e9l\u00e9ments du site web (la forme, la mise en page, le fonds, la structure, etc.) sont prot\u00e9g\u00e9s par le droit des dessins et mod\u00e8les, le droit d\u2019auteur, le droit des marques ainsi que le droit \u00e0 l\u2019image et ils ne peuvent \u00eatre copi\u00e9s ou imit\u00e9s en tout ou partie sauf autorisation expresse de Mengrov.<\/p>\n\n\n\n<p>UTILISATION DES DONN\u00c9ES<\/p>\n\n\n\n<p>Le pr\u00e9sent site&nbsp;www.objectif-decines-inclusif.com respecte la l\u00e9gislation fran\u00e7aise en vigueur relative \u00e0 l\u2019informatique, aux fichiers et aux libert\u00e9s.&nbsp; En tant que&nbsp;site vitrine et non commercial le site est dispens\u00e9 de d\u00e9claration cart conformes \u00e0 la&nbsp;<a href=\"http:\/\/www.cnil.fr\/en-savoir-plus\/deliberations\/deliberation\/delib\/107\/\">dispense n\u00b0 7.<\/a><\/p>\n\n\n\n<p>Les informations recueillies par les \u00e9quipes sont enregistr\u00e9es dans des fichiers informatis\u00e9s, pour communiquer nos informations et travailler nos projets. Elles sont confidentielles et sont destin\u00e9es exclusivement aux usages de Objectif D\u00e9cines Inclusif.<\/p>\n\n\n\n<p>Suivant leur besoin, certaines donn\u00e9es peuvent \u00eatre conserv\u00e9es en archivage.<\/p>\n\n\n\n<p>Chaque personne ou institution cit\u00e9e dispose d\u2019un droit d\u2019acc\u00e8s, de modification, de rectification et de suppression des donn\u00e9es qui la concernent (<a href=\"https:\/\/www.cnil.fr\/fr\/principes-cles\/rgpd-se-preparer-en-6-etapes\">R\u00e9glement G\u00e9n\u00e9rale pour la Protection des Donn\u00e9es<\/a>) et peut exercer ce droit en s\u2019adressant :<\/p>\n\n\n\n<p>soit par l\u2019envoi d\u2019un message \u00e9lectronique : contact@mengrov.com&nbsp;<br>\nsoit par voie postale :&nbsp;Mengrov 6 impasse de la sapini\u00e8re&nbsp;69570 Dardilly<\/p>\n\n\n\n<p>Le responsable du site s\u2019engage sur l\u2019honneur \u00e0 respecter les conditions l\u00e9gales de confidentialit\u00e9 applicables en France et \u00e0 ne pas divulguer ces informations \u00e0 des tiers.<\/p>\n\n\n\n<p>Ce site n\u2019accueille aucune publicit\u00e9.<\/p>\n","protected":false},"excerpt":{"rendered":"<p>Mengrov : www.mengrov.com Mengrov est mandat\u00e9e par les acteurs du 1er cercle Objectif D\u00e9cines 100% inclusif (EM2C et Fondation OVE) pour l\u2019accompagnement de la d\u00e9marche et l\u2019animation de l\u2019\u00e9cosyst\u00e8me.&nbsp; Si\u00e8ge social 6 impasse de la sapini\u00e8re&nbsp; 69570 Dardilly contact@mengrov.com&nbsp; HEBERGEUR DU SITE OVH CREDITS PHOTOS images libres de droits \u2013 Pixabay &#8211; Unslash D\u00c9VELOPPEMENT DU &hellip; <a href=\"https:\/\/objectif-inclusion-decines.com\/index.php\/mentions-legales\/\" class=\"more-link\">Continue reading <span class=\"screen-reader-text\">Mentions L\u00e9gales<\/span><\/a><\/p>\n","protected":false},"author":1,"featured_media":0,"parent":0,"menu_order":0,"comment_status":"closed","ping_status":"closed","template":"","meta":{"_uag_custom_page_level_css":"","footnotes":""},"class_list":["post-71","page","type-page","status-publish","hentry"],"yoast_head":"<!-- This site is optimized with the Yoast SEO plugin v27.4 - https:\/\/yoast.com\/product\/yoast-seo-wordpress\/ -->\n<title>Mentions L\u00e9gales - Objectif Inclusion D\u00e9cines<\/title>\n<meta name=\"robots\" content=\"index, follow, max-snippet:-1, max-image-preview:large, max-video-preview:-1\" \/>\n<link rel=\"canonical\" href=\"https:\/\/objectif-inclusion-decines.com\/index.php\/mentions-legales\/\" \/>\n<meta property=\"og:locale\" content=\"fr_FR\" \/>\n<meta property=\"og:type\" content=\"article\" \/>\n<meta property=\"og:title\" content=\"Mentions L\u00e9gales - Objectif Inclusion D\u00e9cines\" \/>\n<meta property=\"og:description\" content=\"Mengrov : www.mengrov.com Mengrov est mandat\u00e9e par les acteurs du 1er cercle Objectif D\u00e9cines 100% inclusif (EM2C et Fondation OVE) pour l\u2019accompagnement de la d\u00e9marche et l\u2019animation de l\u2019\u00e9cosyst\u00e8me.&nbsp; Si\u00e8ge social 6 impasse de la sapini\u00e8re&nbsp; 69570 Dardilly contact@mengrov.com&nbsp; HEBERGEUR DU SITE OVH CREDITS PHOTOS images libres de droits \u2013 Pixabay &#8211; Unslash D\u00c9VELOPPEMENT DU &hellip; Continue reading Mentions L\u00e9gales\" \/>\n<meta property=\"og:url\" content=\"https:\/\/objectif-inclusion-decines.com\/index.php\/mentions-legales\/\" \/>\n<meta property=\"og:site_name\" content=\"Objectif Inclusion D\u00e9cines\" \/>\n<meta property=\"article:modified_time\" content=\"2019-10-06T21:10:51+00:00\" \/>\n<meta name=\"twitter:card\" content=\"summary_large_image\" \/>\n<meta name=\"twitter:label1\" content=\"Dur\u00e9e de lecture estim\u00e9e\" \/>\n\t<meta name=\"twitter:data1\" content=\"2 minutes\" \/>\n<script type=\"application\/ld+json\" class=\"yoast-schema-graph\">{\"@context\":\"https:\\\/\\\/schema.org\",\"@graph\":[{\"@type\":\"WebPage\",\"@id\":\"https:\\\/\\\/objectif-inclusion-decines.com\\\/index.php\\\/mentions-legales\\\/\",\"url\":\"https:\\\/\\\/objectif-inclusion-decines.com\\\/index.php\\\/mentions-legales\\\/\",\"name\":\"Mentions L\u00e9gales - Objectif Inclusion D\u00e9cines\",\"isPartOf\":{\"@id\":\"https:\\\/\\\/objectif-inclusion-decines.com\\\/#website\"},\"datePublished\":\"2019-10-06T21:09:45+00:00\",\"dateModified\":\"2019-10-06T21:10:51+00:00\",\"breadcrumb\":{\"@id\":\"https:\\\/\\\/objectif-inclusion-decines.com\\\/index.php\\\/mentions-legales\\\/#breadcrumb\"},\"inLanguage\":\"fr-FR\",\"potentialAction\":[{\"@type\":\"ReadAction\",\"target\":[\"https:\\\/\\\/objectif-inclusion-decines.com\\\/index.php\\\/mentions-legales\\\/\"]}]},{\"@type\":\"BreadcrumbList\",\"@id\":\"https:\\\/\\\/objectif-inclusion-decines.com\\\/index.php\\\/mentions-legales\\\/#breadcrumb\",\"itemListElement\":[{\"@type\":\"ListItem\",\"position\":1,\"name\":\"Accueil\",\"item\":\"https:\\\/\\\/objectif-inclusion-decines.com\\\/\"},{\"@type\":\"ListItem\",\"position\":2,\"name\":\"Mentions L\u00e9gales\"}]},{\"@type\":\"WebSite\",\"@id\":\"https:\\\/\\\/objectif-inclusion-decines.com\\\/#website\",\"url\":\"https:\\\/\\\/objectif-inclusion-decines.com\\\/\",\"name\":\"Objectif Inclusion D\u00e9cines\",\"description\":\"Objectif Inclusion D\u00e9cines\",\"potentialAction\":[{\"@type\":\"SearchAction\",\"target\":{\"@type\":\"EntryPoint\",\"urlTemplate\":\"https:\\\/\\\/objectif-inclusion-decines.com\\\/?s={search_term_string}\"},\"query-input\":{\"@type\":\"PropertyValueSpecification\",\"valueRequired\":true,\"valueName\":\"search_term_string\"}}],\"inLanguage\":\"fr-FR\"}]}<\/script>\n<!-- \/ Yoast SEO plugin. -->","yoast_head_json":{"title":"Mentions L\u00e9gales - Objectif Inclusion D\u00e9cines","robots":{"index":"index","follow":"follow","max-snippet":"max-snippet:-1","max-image-preview":"max-image-preview:large","max-video-preview":"max-video-preview:-1"},"canonical":"https:\/\/objectif-inclusion-decines.com\/index.php\/mentions-legales\/","og_locale":"fr_FR","og_type":"article","og_title":"Mentions L\u00e9gales - Objectif Inclusion D\u00e9cines","og_description":"Mengrov : www.mengrov.com Mengrov est mandat\u00e9e par les acteurs du 1er cercle Objectif D\u00e9cines 100% inclusif (EM2C et Fondation OVE) pour l\u2019accompagnement de la d\u00e9marche et l\u2019animation de l\u2019\u00e9cosyst\u00e8me.&nbsp; Si\u00e8ge social 6 impasse de la sapini\u00e8re&nbsp; 69570 Dardilly contact@mengrov.com&nbsp; HEBERGEUR DU SITE OVH CREDITS PHOTOS images libres de droits \u2013 Pixabay &#8211; Unslash D\u00c9VELOPPEMENT DU &hellip; Continue reading Mentions L\u00e9gales","og_url":"https:\/\/objectif-inclusion-decines.com\/index.php\/mentions-legales\/","og_site_name":"Objectif Inclusion D\u00e9cines","article_modified_time":"2019-10-06T21:10:51+00:00","twitter_card":"summary_large_image","twitter_misc":{"Dur\u00e9e de lecture estim\u00e9e":"2 minutes"},"schema":{"@context":"https:\/\/schema.org","@graph":[{"@type":"WebPage","@id":"https:\/\/objectif-inclusion-decines.com\/index.php\/mentions-legales\/","url":"https:\/\/objectif-inclusion-decines.com\/index.php\/mentions-legales\/","name":"Mentions L\u00e9gales - Objectif Inclusion D\u00e9cines","isPartOf":{"@id":"https:\/\/objectif-inclusion-decines.com\/#website"},"datePublished":"2019-10-06T21:09:45+00:00","dateModified":"2019-10-06T21:10:51+00:00","breadcrumb":{"@id":"https:\/\/objectif-inclusion-decines.com\/index.php\/mentions-legales\/#breadcrumb"},"inLanguage":"fr-FR","potentialAction":[{"@type":"ReadAction","target":["https:\/\/objectif-inclusion-decines.com\/index.php\/mentions-legales\/"]}]},{"@type":"BreadcrumbList","@id":"https:\/\/objectif-inclusion-decines.com\/index.php\/mentions-legales\/#breadcrumb","itemListElement":[{"@type":"ListItem","position":1,"name":"Accueil","item":"https:\/\/objectif-inclusion-decines.com\/"},{"@type":"ListItem","position":2,"name":"Mentions L\u00e9gales"}]},{"@type":"WebSite","@id":"https:\/\/objectif-inclusion-decines.com\/#website","url":"https:\/\/objectif-inclusion-decines.com\/","name":"Objectif Inclusion D\u00e9cines","description":"Objectif Inclusion D\u00e9cines","potentialAction":[{"@type":"SearchAction","target":{"@type":"EntryPoint","urlTemplate":"https:\/\/objectif-inclusion-decines.com\/?s={search_term_string}"},"query-input":{"@type":"PropertyValueSpecification","valueRequired":true,"valueName":"search_term_string"}}],"inLanguage":"fr-FR"}]}},"uagb_featured_image_src":{"full":false,"thumbnail":false,"medium":false,"medium_large":false,"large":false,"1536x1536":false,"2048x2048":false,"themetechmount-img-blog":false,"themetechmount-img-blog-left":false,"themetechmount-img-blog-top":false,"themetechmount-img-portfolio":false,"themetechmount-img-team-member":false},"uagb_author_info":{"display_name":"AdminDecines","author_link":"https:\/\/objectif-inclusion-decines.com\/index.php\/author\/admindecines\/"},"uagb_comment_info":0,"uagb_excerpt":"Mengrov : www.mengrov.com Mengrov est mandat\u00e9e par les acteurs du 1er cercle Objectif D\u00e9cines 100% inclusif (EM2C et Fondation OVE) pour l\u2019accompagnement de la d\u00e9marche et l\u2019animation de l\u2019\u00e9cosyst\u00e8me.&nbsp; Si\u00e8ge social 6 impasse de la sapini\u00e8re&nbsp; 69570 Dardilly contact@mengrov.com&nbsp; HEBERGEUR DU SITE OVH CREDITS PHOTOS images libres de droits \u2013 Pixabay &#8211; Unslash D\u00c9VELOPPEMENT DU\u2026","_links":{"self":[{"href":"https:\/\/objectif-inclusion-decines.com\/index.php\/wp-json\/wp\/v2\/pages\/71","targetHints":{"allow":["GET"]}}],"collection":[{"href":"https:\/\/objectif-inclusion-decines.com\/index.php\/wp-json\/wp\/v2\/pages"}],"about":[{"href":"https:\/\/objectif-inclusion-decines.com\/index.php\/wp-json\/wp\/v2\/types\/page"}],"author":[{"embeddable":true,"href":"https:\/\/objectif-inclusion-decines.com\/index.php\/wp-json\/wp\/v2\/users\/1"}],"replies":[{"embeddable":true,"href":"https:\/\/objectif-inclusion-decines.com\/index.php\/wp-json\/wp\/v2\/comments?post=71"}],"version-history":[{"count":1,"href":"https:\/\/objectif-inclusion-decines.com\/index.php\/wp-json\/wp\/v2\/pages\/71\/revisions"}],"predecessor-version":[{"id":72,"href":"https:\/\/objectif-inclusion-decines.com\/index.php\/wp-json\/wp\/v2\/pages\/71\/revisions\/72"}],"wp:attachment":[{"href":"https:\/\/objectif-inclusion-decines.com\/index.php\/wp-json\/wp\/v2\/media?parent=71"}],"curies":[{"name":"wp","href":"https:\/\/api.w.org\/{rel}","templated":true}]}}